{"id":10,"date":"2022-03-09T04:49:08","date_gmt":"2022-03-09T04:49:08","guid":{"rendered":"https:\/\/www.harsoftware.com\/?page_id=10"},"modified":"2022-03-09T05:14:54","modified_gmt":"2022-03-09T05:14:54","slug":"la-empresa","status":"publish","type":"page","link":"https:\/\/www.harsoftware.com\/","title":{"rendered":"La Empresa"},"content":{"rendered":"\n<figure class=\"wp-block-image size-full is-resized\"><img loading=\"lazy\" src=\"https:\/\/www.harsoftware.com\/wp-content\/uploads\/2022\/03\/Logo_HS_Nuevo_Med.png\" alt=\"HAR Software\" class=\"wp-image-5\" width=\"150\" height=\"148\"\/><\/figure>\n\n\n\n<p>HAR Software es una empresa 100% mexicana, fundada en 1996 con la intenci\u00f3n de poder desarrollar herramientas inform\u00e1ticas que ayuden a sus clientes a ser m\u00e1s productivos y a sacar provecho de la tecnolog\u00eda en todas sus \u00e1reas de trabajo. <\/p>\n\n\n\n<p>Con dicha premisa llevamos 20 a\u00f1os en el mercado ofreciendo soluciones tecnol\u00f3gicas de vanguardia con altos est\u00e1ndares de calidad y servicio.<\/p>\n\n\n\n<h2>Misi\u00f3n<\/h2>\n\n\n\n<p>Ayudar a las empresas de multinivel y sus distribuidores a lograr sus metas o superarlas con un software totalmente personalizado que les facilite el trabajo y les proporcione informaci\u00f3n veraz y oportuna para desarrollar todo su potencial con la mejor tecnolog\u00eda y ambiente de trabajo.<\/p>\n\n\n\n<h2>Visi\u00f3n<\/h2>\n\n\n\n<p>Lograr el crecimiento de nuestros clientes a trav\u00e9s de nuestra experiencia, conocimiento y profesionalismo apoyados por lo mejor de la tecnolog\u00eda para lograr ser reconocidos como los mejores especialistas desarrolladores de software para empresas de multinivel.<\/p>\n\n\n\n<h2>Valores<\/h2>\n\n\n\n<p><strong>INNOVACION:<\/strong> Siempre actualiz\u00e1ndonos para ofrecer lo mejor.<\/p>\n\n\n\n<p><strong>EXCELENCIA: <\/strong>Nos esforzamos por satisfacer totalmente a nuestros clientes internos y externos.<\/p>\n\n\n\n<p><strong>COLABORACION:<\/strong> Siempre dispuestos a ayudar y apoyar a nuestro cliente o compa\u00f1eros de trabajo.<\/p>\n\n\n\n<figure class=\"wp-block-image size-large\"><img loading=\"lazy\" width=\"1024\" height=\"409\" src=\"https:\/\/www.harsoftware.com\/wp-content\/uploads\/2022\/03\/Background_Boxes-1024x409.jpg\" alt=\"\" class=\"wp-image-12\" srcset=\"https:\/\/www.harsoftware.com\/wp-content\/uploads\/2022\/03\/Background_Boxes-1024x409.jpg 1024w, https:\/\/www.harsoftware.com\/wp-content\/uploads\/2022\/03\/Background_Boxes-300x120.jpg 300w, https:\/\/www.harsoftware.com\/wp-content\/uploads\/2022\/03\/Background_Boxes-768x307.jpg 768w, https:\/\/www.harsoftware.com\/wp-content\/uploads\/2022\/03\/Background_Boxes.jpg 1213w\" sizes=\"(max-width: 1024px) 100vw, 1024px\" \/><\/figure>\n\n\n\n<figure class=\"wp-block-image\"><img alt=\"\"\/><\/figure>\n","protected":false},"excerpt":{"rendered":"<p>HAR Software es una empresa 100% mexicana, fundada en 1996 con la intenci\u00f3n de poder desarrollar herramientas inform\u00e1ticas que ayuden a sus clientes a ser m\u00e1s productivos y a sacar provecho de la tecnolog\u00eda en todas sus \u00e1reas de trabajo. Con dicha premisa llevamos 20 a\u00f1os en el mercado ofreciendo soluciones tecnol\u00f3gicas de vanguardia con &hellip; <\/p>\n<div class=\"link-more\"><a href=\"https:\/\/www.harsoftware.com\/\" class=\"more-link\">Read More<span class=\"screen-reader-text\"> \u00abLa Empresa\u00bb<\/span><\/a><\/div>\n","protected":false},"author":1,"featured_media":0,"parent":0,"menu_order":0,"comment_status":"closed","ping_status":"closed","template":"","meta":[],"_links":{"self":[{"href":"https:\/\/www.harsoftware.com\/index.php?rest_route=\/wp\/v2\/pages\/10"}],"collection":[{"href":"https:\/\/www.harsoftware.com\/index.php?rest_route=\/wp\/v2\/pages"}],"about":[{"href":"https:\/\/www.harsoftware.com\/index.php?rest_route=\/wp\/v2\/types\/page"}],"author":[{"embeddable":true,"href":"https:\/\/www.harsoftware.com\/index.php?rest_route=\/wp\/v2\/users\/1"}],"replies":[{"embeddable":true,"href":"https:\/\/www.harsoftware.com\/index.php?rest_route=%2Fwp%2Fv2%2Fcomments&post=10"}],"version-history":[{"count":5,"href":"https:\/\/www.harsoftware.com\/index.php?rest_route=\/wp\/v2\/pages\/10\/revisions"}],"predecessor-version":[{"id":25,"href":"https:\/\/www.harsoftware.com\/index.php?rest_route=\/wp\/v2\/pages\/10\/revisions\/25"}],"wp:attachment":[{"href":"https:\/\/www.harsoftware.com\/index.php?rest_route=%2Fwp%2Fv2%2Fmedia&parent=10"}],"curies":[{"name":"wp","href":"https:\/\/api.w.org\/{rel}","templated":true}]}}